{"id":300,"date":"2019-12-19T16:42:08","date_gmt":"2019-12-20T00:42:08","guid":{"rendered":"http:\/\/anthro.wsu.edu\/newsletter\/?page_id=300"},"modified":"2025-09-04T12:05:02","modified_gmt":"2025-09-04T19:05:02","slug":"recent-forthcoming-publications","status":"publish","type":"page","link":"https:\/\/anthro.wsu.edu\/newsletter\/recent-forthcoming-publications\/","title":{"rendered":"Recent &amp; forthcoming publications &#8211; Fall-Winter 2019"},"content":{"rendered":"<header class=\"wsu-article-header \">\r\n\t<h1 class=\"wsu-article-header__title\">\r\n\t\tRecent &amp; forthcoming publications\t<\/h1>\r\n\t\t<\/header>\r\n\n\n<div class=\"wsu-row wsu-row--single\" >\r\n    \n<div class=\"wsu-column\"  style=\"\">\r\n\t\n\n<p class=\"xmsonormal\">From medicalizing childbirth in Guatemala to tattooing in the Neolithic to choosing veterinary vaccines in Tanzania, WSU Anthropology faculty publish widely on a variety of important research topics. Below is a sampling of recent and forthcoming publications.<\/p>\n\n\n\n<h2 class=\"wp-block-heading\">Aaron Blackwell<\/h2>\n\n\n\n<ul>\n<li>Anderson, A, Trumble, BC, Hove, C, Kraft, TS, Kaplan, H, Gurven, MD, <strong>Blackwell, AD<\/strong>. 2019.\u00a0Old friends and friendly fire: Pregnancy, hookworm infection, and anemia among tropical horticulturalists, <em>American Journal of Human Biology<\/em>, in press.<\/li>\n\n\n\n<li>Hodges-Simeon, CR, Asif, S, Gurven, MD, <strong>Blackwell, AD<\/strong>, Gaulin, SJC. 2019.\u00a0Testosterone is positively and estradiol negatively associated with mucosal immunity in Amazonian adolescents. <em>American Journal of Human Biology<\/em>. e23284 DOI: 10.1002\/ajhb.23284.<\/li>\n\n\n\n<li>Martin, MA, <strong>Blackwell, AD<\/strong>, Kaplan, HS, Gurven, MD. 2019. Differences in Tsimane children\u2019s growth outcomes and associated determinants as estimated by WHO standards vs. within-population references. <em>PLoS One<\/em>, 14(4): e0214965 DOI: 10.1371\/journal.pone.0214965.<\/li>\n\n\n\n<li>Gurven, MD, Trumble, B, Stieglitz, J, Cummings, D, Kaplan, H, <strong>Blackwell, AD<\/strong>, Yetish, G, Pontzer, H. 2019 \u00a0\u00a0\u00a0\u00a0 Methodological differences cannot explain associations between health, anthropometrics, and excess resting metabolic rate. <em>American Journal of <a href=\"https:\/\/onlinelibrary.wiley.com\/doi\/full\/10.1002\/ajpa.23811?af=R\">Physical Anthropology<\/a><\/em>\u00a0DOI: 10.1002\/ajpa.23811.<\/li>\n<\/ul>\n\n\n\n<h2 class=\"wp-block-heading\">Andrew Duff<\/h2>\n\n\n\n<ul>\n<li>Safi, KN, <strong>Duff, AI<\/strong>. 2019. An Analysis of Three Pueblo II Period Great House Communities of the Southern Cibola Sub-Region. In Communities and Households in <em>The Greater Southwest: New Perspectives and Case Studies<\/em>, edited by Robert Stokes, pp. 278-298. University Press of Colorado, Louisville.<\/li>\n<\/ul>\n\n\n\n<h2 class=\"wp-block-heading\">Jeannette Mageo<\/h2>\n\n\n\n<ul>\n<li>2019. Ambiguity as Dream Mentation: Super-masculinity and Ambivalence in <em>American Dreams<\/em>. Ethos 47(3).<\/li>\n\n\n\n<li>2019. Mimesis and Developing Models of Self and Other. <em>Culture and Psychology<\/em> 25:195-219.<\/li>\n\n\n\n<li>Sheriff, R, <strong>Mageo, J<\/strong>. 2019. Young Americans\u2019 Dreaming in the Specular Age. <em>Ethos<\/em> 47(2):129-147.<\/li>\n<\/ul>\n\n\n\n<h2 class=\"wp-block-heading\">Courtney Meehan<\/h2>\n\n\n\n<ul>\n<li>Lane, AA, Mcguire, MK, McGuire, MA, Williams, JE, Lackey, KA, Hagen, EH, Kaul, A, Gindola, D, Gebeyehu, D, Flores, KE, Foster, JA, Sellen, DW, Kamau-Mbuthia, EW, Kamundia, EW, Mbugua, S, Moore, SE, Prentice, AM, Kvist, LJ, Otoo, GE, Rodr\u00edguez, JM, Ruiz, L, Pareja, RG, Bode, L, Price, WJ, <strong>Meehan, CL<\/strong>. 2019. Household composition and the infant fecal microbiome: The INSPIRE study. <a href=\"https:\/\/doi.org\/10.1002\/ajpa.23843\"><em>American Journal of Physical Anthropology<\/em><\/a> 169:526\u2013539.<\/li>\n\n\n\n<li>Lackey, KA, Williams, JE, <strong>Meehan, CL<\/strong>, Zachek, JA, Benda, ED, Price, WJ, Foster, JA, Sellen, DW, Kamau-Mbuthia, EW, Kamundia, EW, Mbugua, S, Moore, SE, Prentice, AM, K., DB, Kvist, LJ, Otoo, GE, Garc\u00eda-Carral, C, Jim\u00e9nez, E, Ruiz, L, Rodr\u00edguez, JM, Pareja, RG, Bode, L, McGuire, MA, McGuire, MK. 2019. What\u2019s Normal? Microbiomes in Human Milk and Infant Feces Are Related to Each Other But Vary Geographically: The INSPIRE Study. <em>Frontiers in Nutrition<\/em>, 6:45. doi: 10.3389\/fnut.2019.00045.<\/li>\n<\/ul>\n\n\n\n<h2 class=\"wp-block-heading\">Anne Pisor<\/h2>\n\n\n\n<ul>\n<li><strong>Pisor, AC<\/strong>, Surbeck, M. 2019. Tolerance in intergroup encounters: Payoffs and plasticity in non-human primates and humans. <a href=\"https:\/\/onlinelibrary.wiley.com\/doi\/full\/10.1002\/evan.21793\"><em>Evolutionary Anthropology<\/em><\/a> 28(4), 210\u2013223. doi:10.1002\/evan.21793.<\/li>\n<\/ul>\n\n\n\n<h2 class=\"wp-block-heading\">Luke Premo<\/h2>\n\n\n\n<ul>\n<li><strong>Premo, LS,<\/strong> Brown, JR. 2019. The opportunity cost of walking away in the spatial iterated prisoner\u2019s dilemma. <em>Theoretical Population Biology<\/em> 127:40-48.<\/li>\n<\/ul>\n\n\n\n<h2 class=\"wp-block-heading\">Marsha Quinlan <\/h2>\n\n\n\n<ul>\n<li>Campbell, ZA, Thumbi, SM, Marsh, TL, <strong>Quinlan, MB,<\/strong>\u00a0 Shirima, GM, Palmer, GH. 2019. Why Isn\u2019t Everyone Using the Thermotolerant Vaccine? Preferences for Newcastle Disease Vaccines by Chicken-Owning Households in Tanzania: Choice between Similar Veterinary Vaccines. <em>PLoS One<\/em> 4(8):e0220963.<\/li>\n\n\n\n<li>Thiel, AM, <strong>Quinlan, MB<\/strong>. 2019. Review: Midwives and Mothers: The Medicalization of Childbirth on a Guatemalan Plantation by Sheila Cosminsky. 2016. Volume 43. University of Texas Press, Austin. xii + 303 pp. <em>Ethnobiology Letters<\/em> 10(1):14-15.<\/li>\n\n\n\n<li>Caudell, MA, Mair, C, Subbiah, M, Matthews, L, <strong>Quinlan, RJ<\/strong>, <strong>Quinlan, MB<\/strong>, Zadoks, R, Keyyu J, Call, DR. 2018. Identification of Risk Factors Associated with Carriage of Resistant Escherichia coli in Three Culturally Diverse Ethnic Groups in Tanzania: A Biological and Socioeconomic Analysis. <em>Lancet Planetary Health<\/em> 2: e489\u201397.<\/li>\n\n\n\n<li>Ross, CT, Borgerhoff, MM, Oh, SY, Bowles, S, Beheim, B, Bunce, J, Caudell, M, Clark, G, Colleran, H, Cortez, C, Draper, P, Greaves, RD, Gurven, M, Headland, T, Headland, J, Hill, K, Hewlett, B, Kaplan, HS, Koster, J, Kramer, K, Marlowe, F, McElreath, R, Nolin, D, <strong>Quinlan, M<\/strong>, <strong>Quinlan, R<\/strong>, Revilla-Minaya, C, Scelza, B, Schacht, R, Shenk, M, Uehara, R, Voland, E, Willf\u00fchr, K, Winterhalder, B, Ziker, J. 2018. Greater Wealth Inequality, Less Polygyny: Rethinking the Polygyny Threshold Model<em>. Journal of the Royal Society Interface<\/em> 15(144):20180035.<\/li>\n<\/ul>\n\n\n\n<h2 class=\"wp-block-heading\">Shannon Tushingham<\/h2>\n\n\n\n<ul>\n<li>2019. Southern Pacific Northwest Coast Plank House Villages: Evolution and Expansion Within a Landscape of Ordered Anarchy. Cowboy Ecology: Essays in Honor of R.L Bettinger. Center for Archaeological Research at Davis Monograph 19.<\/li>\n\n\n\n<li><strong>Tushingham, S<\/strong>, Hopt, J, Christiansen, C, Bommelyn, L, Green, J, Peterson, M, Steinruck, S, Stewart, C. 2019. In the Footsteps of Amelia Brown: Collaborative Historical Ecology at Shin-yvslh-sri~, a Tolowa Village on the North Coast of California.<a href=\"https:\/\/doi.org\/10.1080\/15564894.2018.1539789\"> <em>Journal of Coastal and Island Archaeology<\/em><\/a>. 14(1).<\/li>\n\n\n\n<li>Fulkerson, T, <strong>Tushingham, S<\/strong>. 2019. Who dominates the discourses of the past? Gender, occupational affiliation, and multivocality in North American archaeology publishing. <em>American Antiquity<\/em> 84(3):379-399.<\/li>\n\n\n\n<li>Fulkerson, T, <strong>Tushingham, S<\/strong>. 2019. Writing and Publishing in Anthropology: Voices, Insights, and Disciplinary Trends<em>. Journal of Northwest Anthropology<\/em> 53(1).<\/li>\n\n\n\n<li>Gillreath-Brown, A, Deter-Wolf, A, Adams, KR, Lynch-Holm, V, Fulgham, S, <strong>Tushingham S<\/strong>, Lipe WD, Matson, RG. 2019. Rise of Tattooing in the Neolithic Demographic Transition: A 2000-year-old Tattoo tool from Utah. <a href=\"https:\/\/www.sciencedirect.com\/science\/article\/pii\/S2352409X18307508?via%3Dihub\"><em>Journal of Archaeological Science: Reports<\/em><\/a>.<\/li>\n\n\n\n<li>Stapp, D, Longenecker, JG, Fulkerson, TJ, and <strong>Tushingham, S<\/strong> (Editors). 2019. Why Don\u2019t We Write More? Essays On Writing and Publishing Anthropological Research. JONA special reprint. <a href=\"https:\/\/www.northwestanthropology.com\/publications\"><em>Northwest Anthropology<\/em><\/a>, Richland, Washington.<\/li>\n<\/ul>\n\n<\/div>\r\n\n<\/div>","protected":false},"excerpt":{"rendered":"","protected":false},"author":244,"featured_media":0,"parent":0,"menu_order":0,"comment_status":"closed","ping_status":"closed","template":"","meta":[],"wsuwp_university_location":[],"wsuwp_university_org":[],"_links":{"self":[{"href":"https:\/\/anthro.wsu.edu\/newsletter\/wp-json\/wp\/v2\/pages\/300"}],"collection":[{"href":"https:\/\/anthro.wsu.edu\/newsletter\/wp-json\/wp\/v2\/pages"}],"about":[{"href":"https:\/\/anthro.wsu.edu\/newsletter\/wp-json\/wp\/v2\/types\/page"}],"author":[{"embeddable":true,"href":"https:\/\/anthro.wsu.edu\/newsletter\/wp-json\/wp\/v2\/users\/244"}],"replies":[{"embeddable":true,"href":"https:\/\/anthro.wsu.edu\/newsletter\/wp-json\/wp\/v2\/comments?post=300"}],"version-history":[{"count":21,"href":"https:\/\/anthro.wsu.edu\/newsletter\/wp-json\/wp\/v2\/pages\/300\/revisions"}],"predecessor-version":[{"id":1365,"href":"https:\/\/anthro.wsu.edu\/newsletter\/wp-json\/wp\/v2\/pages\/300\/revisions\/1365"}],"wp:attachment":[{"href":"https:\/\/anthro.wsu.edu\/newsletter\/wp-json\/wp\/v2\/media?parent=300"}],"wp:term":[{"taxonomy":"wsuwp_university_location","embeddable":true,"href":"https:\/\/anthro.wsu.edu\/newsletter\/wp-json\/wp\/v2\/wsuwp_university_location?post=300"},{"taxonomy":"wsuwp_university_org","embeddable":true,"href":"https:\/\/anthro.wsu.edu\/newsletter\/wp-json\/wp\/v2\/wsuwp_university_org?post=300"}],"curies":[{"name":"wp","href":"https:\/\/api.w.org\/{rel}","templated":true}]}}