{"id":508,"date":"2021-04-01T14:15:48","date_gmt":"2021-04-01T21:15:48","guid":{"rendered":"https:\/\/anthro.wsu.edu\/newsletter\/?page_id=508"},"modified":"2025-06-24T10:29:17","modified_gmt":"2025-06-24T17:29:17","slug":"publication-news-2020","status":"publish","type":"page","link":"https:\/\/anthro.wsu.edu\/newsletter\/publication-news-2020\/","title":{"rendered":"Publication News 2020"},"content":{"rendered":"<header class=\"wsu-article-header \">\r\n\t<h1 class=\"wsu-article-header__title\">\r\n\t\tPublication News\t<\/h1>\r\n\t\t<\/header>\r\n\n\n<div class=\"wsu-row wsu-row--single\" >\r\n    \n<div class=\"wsu-column\"  style=\"\">\r\n\t\n\n<h2 class=\"wp-block-heading\">Faculty Publications and Updates<\/h2>\n\n\n\n<h3 class=\"wp-block-heading\">John Blong<\/h3>\n\n\n\n<p><strong>2019<\/strong>&nbsp;&nbsp;&nbsp;&nbsp;&nbsp;&nbsp; Regional Stratigraphy and Human Occupation of the Upper Susitna River Basin, Central Alaska Range. <em>Geoarchaeology<\/em> 34(4):380-399.<\/p>\n\n\n\n<p><strong>Blong, John C.<\/strong>, Martin E. Adams, Gabriel Sanchez, Dennis L. Jenkins, Ian D. Bull, Lisa-Marie Shillito.<br><strong>2020<\/strong>&nbsp;&nbsp;&nbsp;&nbsp;&nbsp;&nbsp; Investigation of Younger Dryas and early Holocene subsistence in the northern Great Basin through multiproxy analysis of coprolites from the Paisley Caves, Oregon, USA. <em>Archaeological and Anthropological Sciences<\/em> 12:224.<\/p>\n\n\n\n<p>Shillito, Lisa-Marie, <strong>John C. Blong<\/strong>, Eleanor J. Green, Eline N. van Asperen.<br><strong>2020<\/strong>&nbsp;&nbsp;&nbsp;&nbsp;&nbsp;&nbsp; The what, how and why of human coprolite analysis in archaeology. <em>Earth Science Reviews<\/em> 207:103196.<\/p>\n\n\n\n<p>Shillito, Lisa-Marie, Helen L. Whelton, <strong>John C. Blong<\/strong>, Dennis L. Jenkins, Thomas J. Connolly, Ian D. Bull.<br><strong>2020<\/strong>&nbsp;&nbsp;&nbsp;&nbsp;&nbsp;&nbsp; Pre-Clovis occupation of the Americas identified by human faecal biomarkers in coprolites from Paisley Caves, Oregon. <em>Science Advances <\/em>6(29):eaba6404.<\/p>\n\n\n\n<h3 class=\"wp-block-heading\"><strong>Aaron Blackwell<\/strong><\/h3>\n\n\n\n<p>Hove, C, Trumble, BC, Anderson, A, Stieglitz, J, Kaplan, H, Gurven, M, <strong>Blackwell, AD<\/strong>.<br><strong>2020<\/strong>&nbsp;&nbsp;&nbsp;&nbsp;&nbsp;&nbsp; Flexibility of fetal tolerance: Immune function during pregnancy varies between ecologically distinct populations, <em>Evolution, Medicine &amp; Public Health<\/em>, Volume 2020, Issue 1, DOI: 10.1093\/emph\/eoaa022. Dataset: <a href=\"https:\/\/doi.org\/10.25349\/D94C77\">https:\/\/doi.org\/10.25349\/D94C77<\/a><\/p>\n\n\n\n<p>Broesch, T, Crittenden, AN, Beheim, BA, <strong>Blackwell, AD<\/strong>, Bunce, JA, Colleran, H, Hagel, K, Kline, M, McElreath, R, Nelson, RG, Pisor, AC, Prall, S, Pretelli, I, Purzycki, B, Quinn, EA, Ross, C, Scelza, B, Starkweather, K, Stieglitz, J, Borgerhoff Mulder, M.<br><strong>2020<\/strong>&nbsp;&nbsp;&nbsp;&nbsp;&nbsp;&nbsp; <em>Navigating cross-cultural research: methodological and ethical considerations.<\/em> Proc. R. Soc. B 287: 20201245. <a href=\"http:\/\/dx.doi.org\/10.1098\/rspb.2020.1245\">http:\/\/dx.doi.org\/10.1098\/rspb.2020.1245<\/a><\/p>\n\n\n\n<p>Garcia, AR, Trumble, BC, Kraft, T, Murillo, S, Marquez, M, Gurven, M, <strong>Blackwell, AD<\/strong>.<br><strong>2020<\/strong>&nbsp;&nbsp;&nbsp;&nbsp;&nbsp;&nbsp; <em>Does exposure to parasites modify relationships between diurnal cortisol and leukocytes among Honduran women?<\/em> American Journal of Physical Anthropology. Early view DOI:10.1002\/ajpa.24110<\/p>\n\n\n\n<p>Garcia, AR, <strong>Blackwell, AD<\/strong>, Trumble, BC, Stieglitz, J, Cortez Linares, E, Kaplan, H, Gurven, M.<br><strong>2020<\/strong>&nbsp;&nbsp;&nbsp;&nbsp;&nbsp;&nbsp; <em>Evidence for height and immune function tradeoffs among preadolescents in a high pathogen population<\/em>, Evolution, Medicine &amp; Public Health, 2020(1). DOI: 10.1093\/emph\/eoaa017<\/p>\n\n\n\n<p>Alami, S, von Rueden, C, Seabright, E, Kraft, T, <strong>Blackwell, AD<\/strong>, Stieglitz, J, Kaplan, H, Gurven, M.<br><strong>2020&nbsp;<\/strong>&nbsp;&nbsp;&nbsp;&nbsp;&nbsp; <em>Mother&#8217;s social status is associated with child health in a horticulturalist population<\/em>, Proceedings of the Royal Society B, B 287:20192783. DOI: 10.1098\/rspb.2019.2783. Dataset: <a href=\"https:\/\/doi.org\/10.25349\/D90K59\">https:\/\/doi.org\/10.25349\/D90K59<\/a><\/p>\n\n\n\n<h3 class=\"wp-block-heading\"><strong>Julia Cassaniti<\/strong><\/h3>\n\n\n\n<p>Lesley Weaver and Bonnie Kaiser (Eds)<br><strong>2019<\/strong>&nbsp;&nbsp;&nbsp;&nbsp;&nbsp;&nbsp; \u201cKeeping It Together: Idioms of Resilience and Distress in Thai Buddhist Mindlessness.\u201d <em>Transcultural Psychiatry<\/em>, 56(4), 697-719. Part of a Special Issue on Idioms of Distress.<\/p>\n\n\n\n<h3 class=\"wp-block-heading\"><strong>Colin Grier<\/strong><\/h3>\n\n\n\n<p>At the start of 2020, I formally shifted my academic base from Pullman to the Vancouver campus of WSU. There are great advantages to being located in one\u2019s primary study area, and I look forward to developing a strong archaeology program here that incorporates the rich Indigenous histories of the Lower Columbia. I am also engaged in building WSU\u2019s role in the long-standing Fort Vancouver archaeological field-school. While I will miss the rolling hills and open skies of the Palouse, I am happy to be in the land of majestic mountains, towering forests and ocean breezes.<\/p>\n\n\n\n<p>Ames, Kenneth M. and <strong>Colin Grier<\/strong><br><strong>2020<\/strong>&nbsp;&nbsp;&nbsp;&nbsp;&nbsp;&nbsp; Inequality on the Pacific Northwest Coast of North America measured by house-floor area and storage capacity. <em>Antiquity <\/em>94(376):1042-1059.<\/p>\n\n\n\n<p>Furholt, Martin, <strong>Colin Grier<\/strong>, Matthew Spriggs and Timothy Earle<br><strong>2020<\/strong>&nbsp;&nbsp;&nbsp;&nbsp;&nbsp;&nbsp; Political Economy in the Archaeology of Emergent Complexity: a Synthesis of Bottom-Up and Top-Down Approaches. <em>Journal of Archaeological Method and Theory<\/em> 27:157-191<\/p>\n\n\n\n<h3 class=\"wp-block-heading\"><strong>Ed Hagen<\/strong><\/h3>\n\n\n\n<p><strong>Hagen EH<\/strong> and Sugiyama, LS.<br><strong>2020<\/strong>&nbsp;&nbsp;&nbsp;&nbsp;&nbsp;&nbsp; In Memoriam: Napoleon A. Chagnon (1938\u20132019). <em>Human Nature<\/em>.<\/p>\n\n\n\n<p>Garfield ZH and <strong>Hagen EH<\/strong>.<br><strong>2020<\/strong>&nbsp;&nbsp;&nbsp;&nbsp;&nbsp;&nbsp; Investigating evolutionary models of leadership among recently settled Ethiopian hunter-gatherers. <em>The Leadership Quarterly<\/em>, 31, 101290.<\/p>\n\n\n\n<p>Placek CD, Magnan RE, Srinivas V, Jaykrishna P, Ravi K, Khan A, Madhivanan P and <strong>Hagen EH<\/strong>.<br><strong>2020<\/strong>&nbsp;&nbsp;&nbsp;&nbsp;&nbsp;&nbsp; The impact of information about tobacco-related reproductive vs. general health risks on South Indian women&#8217;s tobacco use decisions. <em>Evolutionary Human Sciences<\/em>, e4.<\/p>\n\n\n\n<p>Syme KL and <strong>Hagen EH<\/strong>.<br><strong>2020<\/strong>&nbsp;&nbsp;&nbsp;&nbsp;&nbsp;&nbsp; Mental health is biological health: Why tackling \u201cdiseases of the mind\u201d is an imperative for biological anthropology in the 21st century. <em>Yearbook of Physical Anthropology<\/em>.<\/p>\n\n\n\n<p>Mehr S, Krasnow M, Bryant G, <strong>Hagen EH<\/strong>.<br><strong>2020<\/strong>&nbsp;&nbsp;&nbsp;&nbsp;&nbsp;&nbsp; Origins of music in credible signaling. <em>Behavioral and Brain Sciences<\/em>.<\/p>\n\n\n\n<p>Garfield ZH, Syme KL, <strong>Hagen EH.<\/strong><br><strong>2020<\/strong>&nbsp;&nbsp;&nbsp;&nbsp;&nbsp;&nbsp; Universal and variable leadership dimensions across human societies. <em>Evolution and Human Behavior<\/em>, 41, 397\u2013414.<\/p>\n\n\n\n<h3 class=\"wp-block-heading\"><strong>Barry Hewlett<\/strong><\/h3>\n\n\n\n<p><strong>Hewlett. B.S.<\/strong>, Hudson, J., <strong>Boyette, A.H.,<\/strong> and <strong>H.N. Fouts<\/strong><br><strong>2019&nbsp;<\/strong>&nbsp;&nbsp;&nbsp;&nbsp;&nbsp; <em>Intimate living: Sharing space among Aka and other hunter-gatherers<\/em>. In <u>Towards a Broader View of Hunter-Gatherer Sharing<\/u>, N. Lavi and D. Friesem, eds. McDonald<br>Institute Monographs, Cambridge University, pp. 39-56. https:\/\/doi.org\/10.17863\/CAM.47185<\/p>\n\n\n\n<p>Lew-Levy, S., Kissler, S., <strong>Boyette, A.H.,<\/strong> Crittenden, A.N., Mabala, I.A.M., and <strong>B.S. Hewlett<\/strong><br><strong>2019<\/strong>&nbsp;&nbsp;&nbsp;&nbsp;&nbsp;&nbsp; <em>Who teaches children to forage? Exploring the primacy of child-to-child teaching among Hadza and BaYaka hunter-gatherers of Tanzania and Congo. <\/em><u>Evolution and Human Behavior<\/u> 41:12-22; https:\/\/doi.org\/10.1016\/j.evolhumbehav.2019.07.003<\/p>\n\n\n\n<p>Lew-Levy, S., <strong>Boyette, A.H.,<\/strong> Crittenden, A.N., <strong>Hewlett, B.S.,<\/strong> Lamb, M.E.<br><strong>2019<\/strong>&nbsp;&nbsp;&nbsp;&nbsp;&nbsp;&nbsp; <em>Gender-typed and gender-segregated play among Tanzanian Hadza and Congolese BaYaka hunter-gatherer children and adolescents.<\/em> <u>Child Development<\/u> 91: 1294-1301. https:\/\/doi.org\/10.1111\/cdev.13306<\/p>\n\n\n\n<p>Lew-Levy, S. Crittenden, A.N., <strong>Boyette, A.H<\/strong>., Mabulla, I.A., <strong>Hewlett, B.S<\/strong>., Lamb, M.E.<br><strong>2019<\/strong>&nbsp;&nbsp;&nbsp;&nbsp;&nbsp;&nbsp; <em>Inter- and intra-cultural variation in learning through participation among Hadza and BaYaka forager children and adolescents from Tanzania and the Republic of Congo.<\/em> <u>Journal of Psychology in Africa<\/u> 29: 309-318.<\/p>\n\n\n\n<h3 class=\"wp-block-heading\"><strong>Bonnie Hewlett<\/strong><\/h3>\n\n\n\n<p><strong>2020<\/strong> &nbsp;&nbsp;&nbsp;&nbsp; Social learning and innovation in adolescence: A comparative study of Aka and Chabu hunter-gatherers of Central and Eastern Africa. <em>Human Nature: An Interdisciplinary Biosocial Perspective<\/em>.<\/p>\n\n\n\n<h3 class=\"wp-block-heading\"><strong>Rachel A. Horowitz<\/strong><\/h3>\n\n\n\n<p><strong>Horowitz, R. A.,<\/strong> M. A. Canuto, and C. Andrieu<br><strong>2020<\/strong> &nbsp;&nbsp;&nbsp;&nbsp; The Role of Elites in Utilitarian Good Distribution: Case studies from the Northwestern Peten, Guatemala and Western Belize. In <em>The Real Business of Ancient Maya Exchange.<\/em>&nbsp; Marilyn A. Masson, David A. Freidel, and Arthur A. Demarest, eds., pp 117-131. University of Florida Press, Tallahassee.<\/p>\n\n\n\n<p><strong>Horowitz, R. A.<\/strong> and D. J. Watt<br><strong>2020<\/strong> &nbsp;&nbsp;&nbsp;&nbsp; Eighteenth and Nineteenth Century Gunflint Assemblages: Understanding Use, Trade, and Variability in the Southeastern United States. <em>International Journal of Historic Archaeology<\/em> 24(1): 95-114.<\/p>\n\n\n\n<p><strong>Horowitz, R. A.,<\/strong> M. K. Brown, J. Yaeger, and B. Cap<br><strong>2020<\/strong> &nbsp;&nbsp;&nbsp;&nbsp; Ritual Lithic Deposits: Preclassic Precursors to Classic Period Traditions in the Upper Belize River Valley, Belize. <em>Research Reports in Belizean Archaeology<\/em> 17: 287-295.<\/p>\n\n\n\n<p><strong>Horowitz, R. A<\/strong>.<br><strong>2020<\/strong> &nbsp;&nbsp;&nbsp;&nbsp; Between Rocks and the Maya: The Necessity of Comparative Approaches with Respect to Lithics, Methodologies, and Theoretical Frameworks. <em>The SAA Archaeological Record<\/em> 20(1): 18-21.<\/p>\n\n\n\n<h3 class=\"wp-block-heading\"><strong>Tim Kohler<\/strong><\/h3>\n\n\n\n<p><strong>Timothy A<\/strong>. <strong>Kohler,<\/strong> and&nbsp;Marcy Rockman<br><strong>2020<\/strong>&nbsp;&nbsp;&nbsp;The IPCC: A Primer for Archaeologists.&nbsp;<em>American&nbsp;Antiquity<\/em> 85(4):627\u2013651 doi:10.1017\/aaq.2020.68<br>https:\/\/www.cambridge.org\/core\/journals\/american-antiquity\/article\/ipcc-a-primer-for-archaeologists\/F701E510E540B73D9E05B25F13ECD4C5<\/p>\n\n\n\n<p>Shin,&nbsp;Jaeweon, Michael H. Price, David H. Wolpert, Hajime Shimao, Brendan&nbsp;Tracey, and <strong>Timothy A. Kohler<\/strong> [corresponding]<br><strong>2020<\/strong>&nbsp;&nbsp;&nbsp;Scale and&nbsp;information-processing&nbsp;thresholds in Holocene social evolution.&nbsp;<em>Nature Communications<\/em>&nbsp;10.1038\/s41467-020-16035-9.<\/p>\n\n\n\n<p>Xu,&nbsp;Chi,&nbsp;<strong>Timothy A. Kohler,<\/strong> Timothy M. Lenton&nbsp;,&nbsp;Jens-Christian Svenning, and Marten Scheffer<br>2020&nbsp;&nbsp;&nbsp;Future of the human climate&nbsp;niche.&nbsp;PNAS&nbsp;<a href=\"http:\/\/www.pnas.org\/cgi\/doi\/10.1073\/pnas.1910114117\">www.pnas.org\/cgi\/doi\/10.1073\/pnas.1910114117<\/a>.<\/p>\n\n\n\n<h3 class=\"wp-block-heading\"><strong>Jeannette Mageo<\/strong><\/h3>\n\n\n\n<p><strong>Jeannette Mageo<\/strong> and Robin Sheriff (eds.)<br><strong>2020<\/strong>&nbsp;&nbsp;&nbsp;&nbsp;&nbsp;&nbsp; N<em>ew Directions in the Anthropology of Dreaming<\/em>, New York: Routledge.<\/p>\n\n\n\n<h3 class=\"wp-block-heading\"><strong>Courtney Meehan<\/strong><\/h3>\n\n\n\n<p>Helfrecht C, Roulette JW, Lane A, Sintayehu B, <span style=\"font-weight: normal !msorm\"><strong>Meehan CL<\/strong><\/span>.<br><strong>2020<\/strong> &nbsp;&nbsp;&nbsp;&nbsp;&nbsp; Life history and socioecology of infancy. American Journal of Physical Anthropology. <a href=\"https:\/\/doi.org\/10.1002\/ajpa.24145\">doi: 10.1002\/ajpa.24145.<\/a> Epub ahead of print. PMID: 32955732.<\/p>\n\n\n\n<p>Lackey KA, Pace RM, Williams JE, Bode L, Donovan SM, J\u00e4rvinen KM, Seppo AE, Raiten DJ, Meehan CL, McGuire MA, McGuire MK.<br><strong>2020<\/strong>&nbsp;&nbsp;&nbsp;&nbsp;&nbsp;&nbsp; SARS\u2010CoV\u20102 and human milk: What is the evidence?. <em>Maternal &amp; Child Nutritio<\/em>n. <a href=\"https:\/\/onlinelibrary.wiley.com\/doi\/epdf\/10.1111\/mcn.13032\">11:e13032.<\/a><\/p>\n\n\n\n<p>Ruiz L, Garc\u00eda Carral C, Checa MA, M\u00ednguez J, Legarra C, McGuire MK, Meehan CL, Bode L, Fern\u00e1ndez L, Espinosa Martos I, Rodr\u00edguez JM.<br><strong>2020<\/strong>&nbsp;&nbsp;&nbsp;&nbsp;&nbsp;&nbsp; Proyecto internacional INSPIRE. \u00bfQu\u00e9 es normal en la leche humana (II). Compuestos inmunol\u00f3gicos solubles. <em>Acta Pedi\u00e1trica Espa\u00f1ola<\/em>, ISSN 0001-6640, 78 (1-2): 38-46.<\/p>\n\n\n\n<p>McGuire MK, <span style=\"font-weight: normal !msorm\"><strong>Meehan CL<\/strong><\/span>, Ruiz L, M\u00ednguez J, Legarra K, Checa MA, Manzano S, Fern\u00e1ndez L, Rodr\u00edguez JM, Bode L, Consorcio INSPIRE.<br><strong>2019&nbsp;<\/strong>&nbsp;&nbsp;&nbsp;&nbsp;&nbsp; Proyecto internacional INSPIRE. \u00bfQu\u00e9 es normal en la leche humana? (I). Oligosac\u00e1ridos de la leche humana. <em>Acta Pedi\u00e1trica Espa\u00f1ola<\/em>, ISSN 0001-6640, 77(11-12): 188-195.<\/p>\n\n\n\n<h3 class=\"wp-block-heading\"><strong>Anne Pisor<\/strong><\/h3>\n\n\n\n<p>Broesch, T., Crittenden, A.N., Beheim, B.A., Blackwell, A.D., Bunce, J.A., Colleran, H., Hagel, K., Kline, M., McElreath, R., Nelson, R.G., <strong>Pisor, A.C.,<\/strong> et al.<br><strong>2020<\/strong>&nbsp;&nbsp;&nbsp;&nbsp;&nbsp;&nbsp; Navigating cross-cultural research: Methodological and ethical considerations. <em>Proceedings of the Royal Society B 287<\/em>, 20201245. doi: 10.1098\/rspb.2020.1245<\/p>\n\n\n\n<p>Curtin, C.M., Barrett, C., Bolyanatz, A., Crittenden, A., Fessler, D.M.T., Fitzpatrick, S., Gurven, M., Kanovsky, M., Kushnick, G., Laurence, S., <strong>Pisor, A.,<\/strong> et al.<br><strong>2020<\/strong>&nbsp;&nbsp;&nbsp;&nbsp;&nbsp;&nbsp; Kinship intensity and the use of mental states in moral judgment across societies. <em>Evolution &amp; Human Behavior<\/em>, 41(5), 415-429. doi: 10.1016\/j.evolhumbehav.2020.07.002. Data and code.<\/p>\n\n\n\n<p><strong>Pisor, A.C.,<\/strong> Gervais, M.M., Purzycki, B.G., &amp; Ross, C.T.<br><strong>2020<\/strong>&nbsp;&nbsp;&nbsp;&nbsp;&nbsp;&nbsp; Preferences and constraints: The value of economic games for studying human behavior. <em>Royal Society Open Science<\/em> 7(6), 7192090. doi: 10.1098\/rsos.192090. Data and code.<\/p>\n\n\n\n<p>Lucchesi, S., Janmaat, K., Cheng, L., Mundry, R., <strong>Pisor, A., <\/strong>&amp; Surbeck, M.<br><strong>2020<\/strong>&nbsp;&nbsp;&nbsp;&nbsp;&nbsp;&nbsp; Beyond the group: How food, mates and group size influence inter-group encounters in wild bonobos. <em>Behavioral Ecology<\/em> 31(2), 519-532. doi: 10.1093\/beheco\/arz214. Data.<\/p>\n\n\n\n<h4 class=\"wp-block-heading\"><strong>Pisor &#8211; Grants<\/strong><\/h4>\n\n\n\n<p><strong>2021<\/strong>&nbsp;&nbsp;&nbsp;&nbsp;&nbsp;&nbsp; NSF Senior Research Award #2020501 ($395,425). Role: PI.<br><strong>2020&nbsp;<\/strong>&nbsp;&nbsp;&nbsp;&nbsp;&nbsp; SESYNC (Socio-Environmental Synthesis Center) Workshop Grant. Role: PI.<\/p>\n\n\n\n<h3 class=\"wp-block-heading\"><strong>Luke Premo <\/strong><\/h3>\n\n\n\n<p><strong>2020<\/strong>&nbsp;&nbsp;&nbsp;&nbsp;&nbsp;&nbsp; Population size limits the coefficient of variation in continuous traits affected by proportional copying error (and why this matters for studying cultural transmission). <em>Journal of Archaeological Method and Theory<\/em>. https:\/\/doi.org\/10.1007\/s10816-020-09464-9<\/p>\n\n\n\n<p>Ranhorn, K. L., J. Pargeter, <strong>L. S. Premo<\/strong>, et al.<br><strong>2020<\/strong>&nbsp;&nbsp;&nbsp;&nbsp;&nbsp;&nbsp; Investigating the evolution of human social learning through collaborative experimental archaeology. <em>Evolutionary Anthropology<\/em> 29:53-55.<\/p>\n\n\n\n<h3 class=\"wp-block-heading\"><strong>Marsha Quinlan<\/strong><\/h3>\n\n\n\n<p>Subbiah, M., Caudell, M. A., Mair, C., Davis, M. A., Matthews, L., <strong>Quinlan, R. J.,<\/strong> <strong>Quinlan, M. B.,<\/strong> Lyimo, B., Buza, J., Keyyu, J., Call, D. R.<br><strong>2020<\/strong>&nbsp;&nbsp;&nbsp;&nbsp;&nbsp;&nbsp; Antimicrobial-resistant Enteric Bacteria Are Widely Distributed amongst People, Animals and the Environment in Northern Tanzania. <em>Nature Communications<\/em>, 11(228). <a href=\"https:\/\/www.nature.com\/articles\/s41467-019-13995-5.pdf\">https:\/\/www.nature.com\/articles\/s41467-019-13995-5.pdf<\/a><\/p>\n\n\n\n<p>Thiel, AM; <strong>Quinlan, MB<\/strong><br><strong>2020<\/strong>&nbsp;&nbsp;&nbsp;&nbsp;&nbsp;&nbsp; Maya Medicinal Fruit Trees: Q\u2019eqchi\u2019 Homegarden Remedies. <em>Economic Botany<\/em> 75(1): Doi: 10.1007\/s12231-020-09506-z.<\/p>\n\n\n\n<p>Chambers, Jaime, <strong>Marsha B. Quinlan<\/strong>, Alexis Evans, and Robert J. Quinlan.<br><strong>2020<\/strong>&nbsp;&nbsp;&nbsp;&nbsp;&nbsp;&nbsp; Dog-Human Coevolution: Cross-Cultural Analysis of Multiple Hypotheses. <em>Journal of Ethnobiology<\/em> 40 (4): 414-433.<\/p>\n\n\n\n<h3 class=\"wp-block-heading\"><strong>Shannon Tushingham<\/strong><\/h3>\n\n\n\n<p><strong>2020<\/strong>&nbsp;&nbsp;&nbsp;&nbsp; The Ordered Anarchy Frontier: Storage, Sedentism, and the Evolution of Plank House Villages in the Southern Pacific Northwest Coast. <em>Cowboy Ecology: Essays in Honor of R.L Bettinger<\/em>, edited by Michael G. Delacorte, Terry L. Jones, and Roshanne S. Bakhtiary, pp. 49-69. Center for Archaeological Research at Davis Monograph 19. http:\/\/card.ucdavis.edu\/store\/p3\/CARD_19__%28Shipping_Included%29.html<\/p>\n\n\n\n<p>Helmer, Emily, and <strong>Shannon Tushingham<\/strong><br><strong>2020<\/strong>&nbsp;&nbsp;&nbsp;&nbsp; Human-Environmental Dynamics in The High Rock Country of Oregon\u2019s Warner Valley: A Landscape View of Persistent Places in The Northern Great Basin Uplands. <em>Journal of California and Great Basin Anthropology<\/em>.<\/p>\n\n\n\n<p><strong>Lipe, William, Shannon Tushingham,<\/strong> Eric Blinman, Laurie Webster, Charles T. LaRue, <strong>Aimee Oliver-Bozeman (UG)<\/strong>, Jonathan Till<br><strong>2020<\/strong>&nbsp;&nbsp;&nbsp;&nbsp; Staying Warm in the Upland Southwest: A \u201cSupply Side\u201d View of Turkey Feather Blanket Production. <em>Journal of Archaeological Science Reports<\/em>.&nbsp; https:\/\/doi.org\/10.1016\/j.jasrep.2020.102604<\/p>\n\n\n\n<p>Brownstein, Korey J<strong>., Shannon Tushingham, William J. Damitio<\/strong>, Tung Nguyen, David R. Gang<br><strong>2020<\/strong>&nbsp;&nbsp;&nbsp;&nbsp;&nbsp; An ancient residue metabolomics-based method to distinguish use of closely related plant species in ancient pipes. <em>Frontiers in Molecular Biosciences<\/em>. https:\/\/www.frontiersin.org\/articles\/10.3389\/fmolb.2020.00133\/full<\/p>\n\n\n\n<p><strong>Tushingham, Shannon<\/strong>, and <strong>Tiffany Fulkerson<\/strong><br>2020&nbsp;&nbsp;&nbsp;&nbsp; Who Writes the Past? The Evolving Gender and Professional Landscape of Great Basin Archaeology (1954\u20132018). In: <em>With Grit and Determination: A Century of Change for Women in Great Basin and American Archaeology<\/em>, edited by Suzanne Eskenazi and Nicole M. Herzog. University of Utah Press. https:\/\/www.google.com\/books\/edition\/With_Grit_and_Determination\/x02RzQEACAAJ?hl=en<\/p>\n\n\n\n<p><strong>Tushingham, Shannon<\/strong>, Jelmer W. Eerkens, Anna Berim, Korey J. Brownstein, and David R. Gang<br><strong>2020<\/strong>&nbsp;&nbsp;&nbsp;&nbsp; Age and Gender Dynamics of Tobacco Use: Residue Analysis of Dental Calculus and Archaeological Pipes. In <em>Protohistoric Village Organization and Territorial Maintenance: The Archaeology of S\u00edi T\u00faupentak<\/em> (CA-ALA-565\/H) in the San Francisco Bay Area, by Brian F. Byrd, Laurel Engbring, Michael Darcangelo and Allika Ruby, pp. 345-358. Center for Archaeological Research at Davis Monograph 20. http:\/\/card.ucdavis.edu\/store\/p1\/CARD_20__%28Shipping_Included%29.html<\/p>\n\n\n\n<h3 class=\"wp-block-heading\"><strong>Clare Wilkinson<\/strong><\/h3>\n\n\n\n<p>Sofia Pantouvaki, Peter McNeil (Eds).<br><strong>2020<\/strong>&nbsp;&nbsp;&nbsp;&nbsp;&nbsp;&nbsp; Spinning Yarns: Locating, Learning and Listening in the Social World of Popular Hindi Film Costume Production. In <em>Performance CostumeNew Perspectives and Methods<\/em>, New York: Bloomsbury. Digital version.<\/p>\n\n\n\n<p>In A. I. Vishwamohan &amp; <strong>C. M. Wilkinson<\/strong> (Eds.),<br><strong>2020<\/strong>&nbsp;&nbsp;&nbsp;&nbsp;&nbsp;&nbsp; <em>Stardom in Hindi Film<\/em>. Springer.<\/p>\n\n<\/div>\r\n\n<\/div>","protected":false},"excerpt":{"rendered":"","protected":false},"author":45,"featured_media":0,"parent":0,"menu_order":0,"comment_status":"closed","ping_status":"closed","template":"","meta":[],"wsuwp_university_location":[],"wsuwp_university_org":[],"_links":{"self":[{"href":"https:\/\/anthro.wsu.edu\/newsletter\/wp-json\/wp\/v2\/pages\/508"}],"collection":[{"href":"https:\/\/anthro.wsu.edu\/newsletter\/wp-json\/wp\/v2\/pages"}],"about":[{"href":"https:\/\/anthro.wsu.edu\/newsletter\/wp-json\/wp\/v2\/types\/page"}],"author":[{"embeddable":true,"href":"https:\/\/anthro.wsu.edu\/newsletter\/wp-json\/wp\/v2\/users\/45"}],"replies":[{"embeddable":true,"href":"https:\/\/anthro.wsu.edu\/newsletter\/wp-json\/wp\/v2\/comments?post=508"}],"version-history":[{"count":16,"href":"https:\/\/anthro.wsu.edu\/newsletter\/wp-json\/wp\/v2\/pages\/508\/revisions"}],"predecessor-version":[{"id":1337,"href":"https:\/\/anthro.wsu.edu\/newsletter\/wp-json\/wp\/v2\/pages\/508\/revisions\/1337"}],"wp:attachment":[{"href":"https:\/\/anthro.wsu.edu\/newsletter\/wp-json\/wp\/v2\/media?parent=508"}],"wp:term":[{"taxonomy":"wsuwp_university_location","embeddable":true,"href":"https:\/\/anthro.wsu.edu\/newsletter\/wp-json\/wp\/v2\/wsuwp_university_location?post=508"},{"taxonomy":"wsuwp_university_org","embeddable":true,"href":"https:\/\/anthro.wsu.edu\/newsletter\/wp-json\/wp\/v2\/wsuwp_university_org?post=508"}],"curies":[{"name":"wp","href":"https:\/\/api.w.org\/{rel}","templated":true}]}}