{"id":757,"date":"2022-02-24T13:37:21","date_gmt":"2022-02-24T21:37:21","guid":{"rendered":"http:\/\/anthro.wsu.edu\/newsletter\/?page_id=757"},"modified":"2025-06-24T08:48:36","modified_gmt":"2025-06-24T15:48:36","slug":"museum-2022","status":"publish","type":"page","link":"https:\/\/anthro.wsu.edu\/newsletter\/museum-2022\/","title":{"rendered":"Anthropology Museum Update 2022"},"content":{"rendered":"<header class=\"wsu-article-header \">\r\n\t<h1 class=\"wsu-article-header__title\">\r\n\t\tAnthropology Museum Update\t<\/h1>\r\n\t\t<\/header>\r\n\n\n<div class=\"wsu-row wsu-row--sidebar-right\" >\r\n    \n<div class=\"wsu-column\"  style=\"\">\r\n\t\n\n<p>In the late 1980s, the Museum of Anthropology received an impressive collection of masks donated by WSU pharmacy graduate J. Clifford Parr \u201943. The wooden masks were hand carved by Pur\u00e9pecha artisans. The Pur\u00e9pecha Empire was an extensive Precolombian society on the west coast of Mexico; today, Pur\u00e9pecha peoples are associated primarily with the Mexican state of Michoac\u00e1n but also live elsewhere in Mexico and in the United States. Many of the donated items were used in traditional celebrations.<\/p>\n\n\n\n<h2 class=\"wp-block-heading wsu-spacing-after--none\">Museum of Anthropology<\/h2>\n\n\n\n<p>College Hall 110<br>PO Box 644910 | Pullman WA | 99164-4910<br>Hours: 9 a.m.\u20134 p.m.<\/p>\n\n<\/div>\r\n\n\n<div class=\"wsu-column\"  style=\"\">\r\n\t\n<div class=\"wp-block-image\">\n<figure class=\"alignleft\"><img decoding=\"async\" loading=\"lazy\" width=\"396\" height=\"594\" src=\"https:\/\/wpcdn.web.wsu.edu\/wp-cas\/uploads\/sites\/3206\/2022\/02\/Tarascan-mask-_989.2.15-396x594.jpg\" alt=\"Tarascan mask.\" class=\"wp-image-759\" srcset=\"https:\/\/wpcdn.web.wsu.edu\/wp-cas\/uploads\/sites\/3206\/2022\/02\/Tarascan-mask-_989.2.15-396x594.jpg 396w, https:\/\/wpcdn.web.wsu.edu\/wp-cas\/uploads\/sites\/3206\/2022\/02\/Tarascan-mask-_989.2.15-792x1188.jpg 792w, https:\/\/wpcdn.web.wsu.edu\/wp-cas\/uploads\/sites\/3206\/2022\/02\/Tarascan-mask-_989.2.15-768x1152.jpg 768w, https:\/\/wpcdn.web.wsu.edu\/wp-cas\/uploads\/sites\/3206\/2022\/02\/Tarascan-mask-_989.2.15-990x1485.jpg 990w, https:\/\/wpcdn.web.wsu.edu\/wp-cas\/uploads\/sites\/3206\/2022\/02\/Tarascan-mask-_989.2.15.jpg 1000w\" sizes=\"(max-width: 396px) 100vw, 396px\" \/><figcaption class=\"wp-element-caption\">Photo Courtesy of Prof. Anne Pisor<\/figcaption><\/figure><\/div>\n<\/div>\r\n\n<\/div>","protected":false},"excerpt":{"rendered":"","protected":false},"author":45,"featured_media":0,"parent":0,"menu_order":0,"comment_status":"closed","ping_status":"closed","template":"","meta":[],"wsuwp_university_location":[],"wsuwp_university_org":[],"_links":{"self":[{"href":"https:\/\/anthro.wsu.edu\/newsletter\/wp-json\/wp\/v2\/pages\/757"}],"collection":[{"href":"https:\/\/anthro.wsu.edu\/newsletter\/wp-json\/wp\/v2\/pages"}],"about":[{"href":"https:\/\/anthro.wsu.edu\/newsletter\/wp-json\/wp\/v2\/types\/page"}],"author":[{"embeddable":true,"href":"https:\/\/anthro.wsu.edu\/newsletter\/wp-json\/wp\/v2\/users\/45"}],"replies":[{"embeddable":true,"href":"https:\/\/anthro.wsu.edu\/newsletter\/wp-json\/wp\/v2\/comments?post=757"}],"version-history":[{"count":7,"href":"https:\/\/anthro.wsu.edu\/newsletter\/wp-json\/wp\/v2\/pages\/757\/revisions"}],"predecessor-version":[{"id":1278,"href":"https:\/\/anthro.wsu.edu\/newsletter\/wp-json\/wp\/v2\/pages\/757\/revisions\/1278"}],"wp:attachment":[{"href":"https:\/\/anthro.wsu.edu\/newsletter\/wp-json\/wp\/v2\/media?parent=757"}],"wp:term":[{"taxonomy":"wsuwp_university_location","embeddable":true,"href":"https:\/\/anthro.wsu.edu\/newsletter\/wp-json\/wp\/v2\/wsuwp_university_location?post=757"},{"taxonomy":"wsuwp_university_org","embeddable":true,"href":"https:\/\/anthro.wsu.edu\/newsletter\/wp-json\/wp\/v2\/wsuwp_university_org?post=757"}],"curies":[{"name":"wp","href":"https:\/\/api.w.org\/{rel}","templated":true}]}}